{"id":25,"date":"2014-03-22T21:15:41","date_gmt":"2014-03-22T20:15:41","guid":{"rendered":"http:\/\/skovagervej.dk\/?page_id=25"},"modified":"2025-04-09T19:02:34","modified_gmt":"2025-04-09T18:02:34","slug":"historien","status":"publish","type":"page","link":"https:\/\/skovagervej.dk\/?page_id=25","title":{"rendered":"Historien"},"content":{"rendered":"<p><a href=\"http:\/\/skovagervej.dk\/wp-content\/uploads\/2025\/04\/Skibelund-Feriekoloni.pdf\" target=\"_blank\" rel=\"noopener noreferrer\">Avisartikel fra 1968 <\/a> om Th. Andersens udstykning af omr\u00e5det.<\/p>\n<p><a href=\"http:\/\/skovagervej.dk\/wp-content\/uploads\/2019\/07\/Skibelund-1971-1996.pdf\" target=\"_blank\" rel=\"noopener noreferrer\">L\u00e6s om omr\u00e5dets historie<\/a>\u00a0i perioden 1971 &#8211; 1996<\/p>\n<p><a href=\"http:\/\/skovagervej.dk\/wp-content\/uploads\/2014\/03\/vejnavn75.pdf\" target=\"_new\" rel=\"noopener noreferrer\">Vedtagelse af omr\u00e5dets navn<\/a>\u00a01975<\/p>\n<p><a href=\"http:\/\/skovagervej.dk\/wp-content\/uploads\/2014\/03\/postbrev74.pdf\" target=\"_new\" rel=\"noopener noreferrer\">Brev fra Postmesteren<\/a>\u00a0i Bjerringbro 1974<\/p>\n<p><a href=\"http:\/\/skovagervej.dk\/wp-content\/uploads\/2014\/03\/vedtaegter82.pdf\" target=\"_new\" rel=\"noopener noreferrer\">Vedt\u00e6gter 1982<\/a><\/p>\n<p><a href=\"http:\/\/skovagervej.dk\/wp-content\/uploads\/2014\/03\/regnskab77.pdf\" target=\"_new\" rel=\"noopener noreferrer\">Regnskab 1977\/78<\/a><\/p>\n<p>Alle PDF-filer kr\u00e6ver Adobe Reader &#8211; Har du ikke Adobe Reader, kan den hentes\u00a0<a title=\"Adobe Reader\" href=\"http:\/\/get.adobe.com\/dk\/reader\/?promoid=DAGCC\" target=\"_new\" rel=\"noopener noreferrer\">her<\/a>.<\/p>\n","protected":false},"excerpt":{"rendered":"<p>Avisartikel fra 1968 om Th. Andersens udstykning af omr\u00e5det. L\u00e6s om omr\u00e5dets historie\u00a0i perioden 1971 &#8211; 1996 Vedtagelse af omr\u00e5dets navn\u00a01975 Brev fra Postmesteren\u00a0i Bjerringbro 1974 Vedt\u00e6gter 1982 Regnskab 1977\/78 Alle PDF-filer kr\u00e6ver Adobe Reader &#8211; Har du ikke Adobe Reader, kan den hentes\u00a0her.<\/p>\n","protected":false},"author":1,"featured_media":258,"parent":0,"menu_order":0,"comment_status":"closed","ping_status":"closed","template":"","meta":{"footnotes":""},"class_list":["post-25","page","type-page","status-publish","has-post-thumbnail","hentry"],"_links":{"self":[{"href":"https:\/\/skovagervej.dk\/index.php?rest_route=\/wp\/v2\/pages\/25","targetHints":{"allow":["GET"]}}],"collection":[{"href":"https:\/\/skovagervej.dk\/index.php?rest_route=\/wp\/v2\/pages"}],"about":[{"href":"https:\/\/skovagervej.dk\/index.php?rest_route=\/wp\/v2\/types\/page"}],"author":[{"embeddable":true,"href":"https:\/\/skovagervej.dk\/index.php?rest_route=\/wp\/v2\/users\/1"}],"replies":[{"embeddable":true,"href":"https:\/\/skovagervej.dk\/index.php?rest_route=%2Fwp%2Fv2%2Fcomments&post=25"}],"version-history":[{"count":7,"href":"https:\/\/skovagervej.dk\/index.php?rest_route=\/wp\/v2\/pages\/25\/revisions"}],"predecessor-version":[{"id":758,"href":"https:\/\/skovagervej.dk\/index.php?rest_route=\/wp\/v2\/pages\/25\/revisions\/758"}],"wp:featuredmedia":[{"embeddable":true,"href":"https:\/\/skovagervej.dk\/index.php?rest_route=\/wp\/v2\/media\/258"}],"wp:attachment":[{"href":"https:\/\/skovagervej.dk\/index.php?rest_route=%2Fwp%2Fv2%2Fmedia&parent=25"}],"curies":[{"name":"wp","href":"https:\/\/api.w.org\/{rel}","templated":true}]}}